{"id":2517,"date":"2021-12-01T15:06:12","date_gmt":"2021-12-01T13:06:12","guid":{"rendered":"https:\/\/hotel-escargotiere.fr\/legal-information\/"},"modified":"2022-08-23T09:37:20","modified_gmt":"2022-08-23T07:37:20","slug":"legal-information","status":"publish","type":"page","link":"https:\/\/hotel-escargotiere.fr\/en\/legal-information\/","title":{"rendered":"Legal information"},"content":{"rendered":"<div class=\"fusion-fullwidth fullwidth-box fusion-builder-row-1 fusion-flex-container nonhundred-percent-fullwidth non-hundred-percent-height-scrolling\" style=\"--awb-border-radius-top-left:0px;--awb-border-radius-top-right:0px;--awb-border-radius-bottom-right:0px;--awb-border-radius-bottom-left:0px;--awb-flex-wrap:wrap;\" ><div class=\"fusion-builder-row fusion-row fusion-flex-align-items-flex-start fusion-flex-content-wrap\" style=\"max-width:1365px;margin-left: calc(-5% \/ 2 );margin-right: calc(-5% \/ 2 );\"><div class=\"fusion-layout-column fusion_builder_column fusion-builder-column-0 fusion_builder_column_1_1 1_1 fusion-flex-column\" style=\"--awb-bg-size:cover;--awb-width-large:100%;--awb-margin-top-large:0px;--awb-spacing-right-large:2.375%;--awb-margin-bottom-large:0px;--awb-spacing-left-large:2.375%;--awb-width-medium:100%;--awb-spacing-right-medium:2.375%;--awb-spacing-left-medium:2.375%;--awb-width-small:100%;--awb-spacing-right-small:2.375%;--awb-spacing-left-small:2.375%;\"><div class=\"fusion-column-wrapper fusion-flex-justify-content-flex-start fusion-content-layout-column\"><div class=\"fusion-text fusion-text-1\"><h2>PUBLISHER<\/h2>\n<p>The website accessible, in particular, at https:\/\/www.hotel-escargotiere.fr\/ (hereinafter: the &#8220;Site&#8221;) is published by the company H\u00f4tel Escargoti\u00e8re, a French company, registered in the Strasbourg Trade and Companies Register under number 353 884 174 00023 and whose head office is located  <span style=\"background-color: rgba(255, 255, 255, 0); color: var(--body_typography-color); font-family: var(--body_typography-font-family); font-size: var(--body_typography-font-size); font-style: var(--body_typography-font-style,normal); font-weight: var(--body_typography-font-weight); letter-spacing: var(--body_typography-letter-spacing);\">120, avenue Roland Carraz <\/span><span style=\"color: var(--body_typography-color); font-family: var(--body_typography-font-family); font-size: var(--body_typography-font-size); font-style: var(--body_typography-font-style,normal); font-weight: var(--body_typography-font-weight); letter-spacing: var(--body_typography-letter-spacing); background-color: rgba(255, 255, 255, 0);\">Chen\u00f4ve<\/span><span style=\"background-color: rgba(255, 255, 255, 0); color: var(--body_typography-color); font-family: var(--body_typography-font-family); font-size: var(--body_typography-font-size); font-style: var(--body_typography-font-style,normal); font-weight: var(--body_typography-font-weight); letter-spacing: var(--body_typography-letter-spacing);\">; telephone number +33 (0)3 <\/span><span style=\"background-color: rgba(255, 255, 255, 0); color: var(--body_typography-color); font-family: var(--body_typography-font-family); font-size: var(--body_typography-font-size); font-style: var(--body_typography-font-style,normal); font-weight: var(--body_typography-font-weight); letter-spacing: var(--body_typography-letter-spacing);\">80 54 04 04<\/span><span style=\"color: var(--body_typography-color); font-family: var(--body_typography-font-family); font-size: var(--body_typography-font-size); font-style: var(--body_typography-font-style,normal); font-weight: var(--body_typography-font-weight); letter-spacing: var(--body_typography-letter-spacing); background-color: rgba(255, 255, 255, 0);\"> (hereinafter referred to as &#8220;L <\/span>&#8216;H\u00f4tel Restaurant l&#8217;Escargoti\u00e8re<span style=\"color: var(--body_typography-color); font-family: var(--body_typography-font-family); font-size: var(--body_typography-font-size); font-style: var(--body_typography-font-style,normal); font-weight: var(--body_typography-font-weight); letter-spacing: var(--body_typography-letter-spacing); background-color: rgba(255, 255, 255, 0);\"> &#8220;) <\/span>.  <\/p>\n<p>Responsible for publication: Dominik FRACHOT<br \/>The hotel-escargotiere.fr website is hosted by : OVH, 2 rue Kellermann &#8211; 59100 Roubaix &#8211; France<\/p>\n<h2>INTELLECTUAL PROPERTY<\/h2>\n<p>The Site as a whole, as well as each of the elements that make it up (in particular, texts, diagrams, tree structures, software, animations, images, photographs, illustrations, videos, graphic or editorial representations, logos, etc.) constitute intellectual works protected by the Intellectual Property Code as well as by any other applicable international legislation.<\/p>\n<p>The Hotel Restaurant l&#8217;Escargoti\u00e8re is the only one entitled (directly or through licenses or authorizations) to use the elements that make up the Site, the domain names, trademarks, models, etc., as well as the images and editorial content that are reproduced there.<\/p>\n<p>The use of all or part of the Site, in particular by downloading, reproduction, transmission, representation or broadcasting for purposes other than consultation and use of the Site on a personal and private basis by the Internet user for non-commercial purposes is strictly prohibited. The violation of these provisions exposes its author to the sanctions provided for both by the Code of Intellectual Property under the title of infringement of copyright, trademark rights and the Civil Code in terms of civil liability.<\/p>\n<p>The creation of any hypertext link to any of the web pages or elements comprising the Site is prohibited without the prior written authorization of the Hotel Restaurant l&#8217;Escargoti\u00e8re, which authorization may be revoked at any time. Any content, website or other having a hyperlink to the Site or to any of the elements that make it up are not under the control of the Hotel Restaurant l&#8217;Escargoti\u00e8re and it therefore declines any responsibility (including editorial) regarding access to these sites and their content.<\/p>\n<h2>SITE AVAILABILITY<\/h2>\n<p>The Hotel Restaurant l&#8217;Escargoti\u00e8re strives, as far as possible, to maintain permanently accessible the Site, but is not bound by any obligation to do so. L&#8217;H\u00f4tel Restaurant l&#8217;Escargoti\u00e8re may therefore interrupt access to the Site, in particular for maintenance or updating purposes, or for any other reason, in particular technical or editorial, without prior notice or information to Internet users, and L&#8217;H\u00f4tel Restaurant l&#8217;Escargoti\u00e8re may not be held liable for the consequences of such interruptions, either to Internet users or to any third party.<\/p>\n<p>In addition, L&#8217;H\u00f4tel Restaurant l&#8217;Escargoti\u00e8re shall not be held responsible if Internet users are unable to access all or part of the Site due to any technical defect or any problem related to, but not limited to<\/p>\n<ul>\n<li>a failure and\/or congestion of the Internet network,<\/li>\n<li>a failure of the Internet service providers,<\/li>\n<li>human or electrical error,<\/li>\n<li>any malicious intervention,<\/li>\n<li>any software or hardware malfunctions,<\/li>\n<li>a case of force majeure.<\/li>\n<\/ul>\n<h2>CONSUMER OMBUDSMAN<\/h2>\n<p>After having referred the matter to the customer service and in the absence of a satisfactory response or in the absence of a response within 60 days, the customer may refer the matter free of charge to the Tourism and Travel Ombudsman, whose contact details and procedures for referral are available on his website:  <a href=\"http:\/\/www.mtv.travel\/\">www.mtv.travel<\/a>  and by phone at 01 87 44 70 90.<\/p>\n<p>Below is the link to the Online Dispute Resolution (ODR) platform: https: <a href=\"https:\/\/webgate.ec.europa.eu\/odr\/main\/index.cfm?event+main\/home.show&amp;Ing=FR\">\/\/webgate.ec.europa.eu\/odr\/main\/index.cfm?event+main\/home.show&amp;Ing=EN<\/a><\/p>\n<p>MTV &#8211; Mediation Tourism Travel<br \/>BP 80 303<br \/>75 823 Paris Cedex 17<\/p>\n<h2>RESPONSIBILITY<\/h2>\n<p>The Hotel Restaurant l&#8217;Escargoti\u00e8re strives to ensure to the best of its ability the accuracy and updating of the information published on the Site, which it reserves the right to modify, at any time and without notice, the content.<\/p>\n<p>However, L&#8217;H\u00f4tel Restaurant l&#8217;Escargoti\u00e8re cannot guarantee the accuracy, precision and completeness of the information made available on the Site, which information does not constitute a guarantee or a commitment on the part of L&#8217;H\u00f4tel Restaurant l&#8217;Escargoti\u00e8re with respect to the Internet user. In particular, the latter cannot be held responsible for:<\/p>\n<ul>\n<li>for any inaccuracy, misstatement or omission of said information;<\/li>\n<li>any possible damage resulting from a computer intrusion by a third party leading to a modification of the said information;<\/li>\n<li>and, more generally, for any damage, direct or indirect, whatever the causes, origins, nature and consequences, related to access (or the impossibility of accessing the Site), to the content, to the use of the Site and\/or to the credit given to any information coming from the latter<\/li>\n<\/ul>\n<\/div><\/div><\/div><\/div><\/div>\n","protected":false},"excerpt":{"rendered":"","protected":false},"author":1,"featured_media":0,"parent":0,"menu_order":0,"comment_status":"closed","ping_status":"closed","template":"","meta":{"footnotes":""},"class_list":["post-2517","page","type-page","status-publish","hentry"],"yoast_head":"<!-- This site is optimized with the Yoast SEO plugin v27.4 - https:\/\/yoast.com\/product\/yoast-seo-wordpress\/ -->\n<title>H\u00f4tel Escargoti\u00e8re - Legal information<\/title>\n<meta name=\"robots\" content=\"index, follow, max-snippet:-1, max-image-preview:large, max-video-preview:-1\" \/>\n<link rel=\"canonical\" href=\"https:\/\/hotel-escargotiere.fr\/en\/legal-information\/\" \/>\n<meta property=\"og:locale\" content=\"en_US\" \/>\n<meta property=\"og:type\" content=\"article\" \/>\n<meta property=\"og:title\" content=\"H\u00f4tel Escargoti\u00e8re - Legal information\" \/>\n<meta property=\"og:url\" content=\"https:\/\/hotel-escargotiere.fr\/en\/legal-information\/\" \/>\n<meta property=\"og:site_name\" content=\"H\u00f4tel Escargoti\u00e8re\" \/>\n<meta property=\"article:publisher\" content=\"https:\/\/www.facebook.com\/escargotiere.chenove\/\" \/>\n<meta property=\"article:modified_time\" content=\"2022-08-23T07:37:20+00:00\" \/>\n<meta name=\"twitter:card\" content=\"summary_large_image\" \/>\n<meta name=\"twitter:label1\" content=\"Est. reading time\" \/>\n\t<meta name=\"twitter:data1\" content=\"4 minutes\" \/>\n<script type=\"application\/ld+json\" class=\"yoast-schema-graph\">{\"@context\":\"https:\\\/\\\/schema.org\",\"@graph\":[{\"@type\":\"WebPage\",\"@id\":\"https:\\\/\\\/hotel-escargotiere.fr\\\/en\\\/legal-information\\\/\",\"url\":\"https:\\\/\\\/hotel-escargotiere.fr\\\/en\\\/legal-information\\\/\",\"name\":\"H\u00f4tel Escargoti\u00e8re - Legal information\",\"isPartOf\":{\"@id\":\"https:\\\/\\\/hotel-escargotiere.fr\\\/en\\\/#website\"},\"datePublished\":\"2021-12-01T13:06:12+00:00\",\"dateModified\":\"2022-08-23T07:37:20+00:00\",\"breadcrumb\":{\"@id\":\"https:\\\/\\\/hotel-escargotiere.fr\\\/en\\\/legal-information\\\/#breadcrumb\"},\"inLanguage\":\"en-US\",\"potentialAction\":[{\"@type\":\"ReadAction\",\"target\":[\"https:\\\/\\\/hotel-escargotiere.fr\\\/en\\\/legal-information\\\/\"]}]},{\"@type\":\"BreadcrumbList\",\"@id\":\"https:\\\/\\\/hotel-escargotiere.fr\\\/en\\\/legal-information\\\/#breadcrumb\",\"itemListElement\":[{\"@type\":\"ListItem\",\"position\":1,\"name\":\"Accueil\",\"item\":\"https:\\\/\\\/hotel-escargotiere.fr\\\/en\\\/hotel-de-tourisme-lescargotiere-in-burgundy\\\/\"},{\"@type\":\"ListItem\",\"position\":2,\"name\":\"Legal information\"}]},{\"@type\":\"WebSite\",\"@id\":\"https:\\\/\\\/hotel-escargotiere.fr\\\/en\\\/#website\",\"url\":\"https:\\\/\\\/hotel-escargotiere.fr\\\/en\\\/\",\"name\":\"H\u00f4tel Escargoti\u00e8re\",\"description\":\"H\u00f4tel &amp; Restaurant\",\"publisher\":{\"@id\":\"https:\\\/\\\/hotel-escargotiere.fr\\\/en\\\/#organization\"},\"potentialAction\":[{\"@type\":\"SearchAction\",\"target\":{\"@type\":\"EntryPoint\",\"urlTemplate\":\"https:\\\/\\\/hotel-escargotiere.fr\\\/en\\\/?s={search_term_string}\"},\"query-input\":{\"@type\":\"PropertyValueSpecification\",\"valueRequired\":true,\"valueName\":\"search_term_string\"}}],\"inLanguage\":\"en-US\"},{\"@type\":\"Organization\",\"@id\":\"https:\\\/\\\/hotel-escargotiere.fr\\\/en\\\/#organization\",\"name\":\"H\u00f4tel Escargoti\u00e8re\",\"url\":\"https:\\\/\\\/hotel-escargotiere.fr\\\/en\\\/\",\"logo\":{\"@type\":\"ImageObject\",\"inLanguage\":\"en-US\",\"@id\":\"https:\\\/\\\/hotel-escargotiere.fr\\\/en\\\/#\\\/schema\\\/logo\\\/image\\\/\",\"url\":\"https:\\\/\\\/hotel-escargotiere.fr\\\/wp-content\\\/uploads\\\/2021\\\/12\\\/logo_demo001.png\",\"contentUrl\":\"https:\\\/\\\/hotel-escargotiere.fr\\\/wp-content\\\/uploads\\\/2021\\\/12\\\/logo_demo001.png\",\"width\":353,\"height\":81,\"caption\":\"H\u00f4tel Escargoti\u00e8re\"},\"image\":{\"@id\":\"https:\\\/\\\/hotel-escargotiere.fr\\\/en\\\/#\\\/schema\\\/logo\\\/image\\\/\"},\"sameAs\":[\"https:\\\/\\\/www.facebook.com\\\/escargotiere.chenove\\\/\"]}]}<\/script>\n<!-- \/ Yoast SEO plugin. -->","yoast_head_json":{"title":"H\u00f4tel Escargoti\u00e8re - Legal information","robots":{"index":"index","follow":"follow","max-snippet":"max-snippet:-1","max-image-preview":"max-image-preview:large","max-video-preview":"max-video-preview:-1"},"canonical":"https:\/\/hotel-escargotiere.fr\/en\/legal-information\/","og_locale":"en_US","og_type":"article","og_title":"H\u00f4tel Escargoti\u00e8re - Legal information","og_url":"https:\/\/hotel-escargotiere.fr\/en\/legal-information\/","og_site_name":"H\u00f4tel Escargoti\u00e8re","article_publisher":"https:\/\/www.facebook.com\/escargotiere.chenove\/","article_modified_time":"2022-08-23T07:37:20+00:00","twitter_card":"summary_large_image","twitter_misc":{"Est. reading time":"4 minutes"},"schema":{"@context":"https:\/\/schema.org","@graph":[{"@type":"WebPage","@id":"https:\/\/hotel-escargotiere.fr\/en\/legal-information\/","url":"https:\/\/hotel-escargotiere.fr\/en\/legal-information\/","name":"H\u00f4tel Escargoti\u00e8re - Legal information","isPartOf":{"@id":"https:\/\/hotel-escargotiere.fr\/en\/#website"},"datePublished":"2021-12-01T13:06:12+00:00","dateModified":"2022-08-23T07:37:20+00:00","breadcrumb":{"@id":"https:\/\/hotel-escargotiere.fr\/en\/legal-information\/#breadcrumb"},"inLanguage":"en-US","potentialAction":[{"@type":"ReadAction","target":["https:\/\/hotel-escargotiere.fr\/en\/legal-information\/"]}]},{"@type":"BreadcrumbList","@id":"https:\/\/hotel-escargotiere.fr\/en\/legal-information\/#breadcrumb","itemListElement":[{"@type":"ListItem","position":1,"name":"Accueil","item":"https:\/\/hotel-escargotiere.fr\/en\/hotel-de-tourisme-lescargotiere-in-burgundy\/"},{"@type":"ListItem","position":2,"name":"Legal information"}]},{"@type":"WebSite","@id":"https:\/\/hotel-escargotiere.fr\/en\/#website","url":"https:\/\/hotel-escargotiere.fr\/en\/","name":"H\u00f4tel Escargoti\u00e8re","description":"H\u00f4tel &amp; Restaurant","publisher":{"@id":"https:\/\/hotel-escargotiere.fr\/en\/#organization"},"potentialAction":[{"@type":"SearchAction","target":{"@type":"EntryPoint","urlTemplate":"https:\/\/hotel-escargotiere.fr\/en\/?s={search_term_string}"},"query-input":{"@type":"PropertyValueSpecification","valueRequired":true,"valueName":"search_term_string"}}],"inLanguage":"en-US"},{"@type":"Organization","@id":"https:\/\/hotel-escargotiere.fr\/en\/#organization","name":"H\u00f4tel Escargoti\u00e8re","url":"https:\/\/hotel-escargotiere.fr\/en\/","logo":{"@type":"ImageObject","inLanguage":"en-US","@id":"https:\/\/hotel-escargotiere.fr\/en\/#\/schema\/logo\/image\/","url":"https:\/\/hotel-escargotiere.fr\/wp-content\/uploads\/2021\/12\/logo_demo001.png","contentUrl":"https:\/\/hotel-escargotiere.fr\/wp-content\/uploads\/2021\/12\/logo_demo001.png","width":353,"height":81,"caption":"H\u00f4tel Escargoti\u00e8re"},"image":{"@id":"https:\/\/hotel-escargotiere.fr\/en\/#\/schema\/logo\/image\/"},"sameAs":["https:\/\/www.facebook.com\/escargotiere.chenove\/"]}]}},"_links":{"self":[{"href":"https:\/\/hotel-escargotiere.fr\/en\/wp-json\/wp\/v2\/pages\/2517","targetHints":{"allow":["GET"]}}],"collection":[{"href":"https:\/\/hotel-escargotiere.fr\/en\/wp-json\/wp\/v2\/pages"}],"about":[{"href":"https:\/\/hotel-escargotiere.fr\/en\/wp-json\/wp\/v2\/types\/page"}],"author":[{"embeddable":true,"href":"https:\/\/hotel-escargotiere.fr\/en\/wp-json\/wp\/v2\/users\/1"}],"replies":[{"embeddable":true,"href":"https:\/\/hotel-escargotiere.fr\/en\/wp-json\/wp\/v2\/comments?post=2517"}],"version-history":[{"count":2,"href":"https:\/\/hotel-escargotiere.fr\/en\/wp-json\/wp\/v2\/pages\/2517\/revisions"}],"predecessor-version":[{"id":2520,"href":"https:\/\/hotel-escargotiere.fr\/en\/wp-json\/wp\/v2\/pages\/2517\/revisions\/2520"}],"wp:attachment":[{"href":"https:\/\/hotel-escargotiere.fr\/en\/wp-json\/wp\/v2\/media?parent=2517"}],"curies":[{"name":"wp","href":"https:\/\/api.w.org\/{rel}","templated":true}]}}